{"id":3,"date":"2019-04-14T19:25:53","date_gmt":"2019-04-14T19:25:53","guid":{"rendered":"https:\/\/elementor.seamonsterstudios.io\/?page_id=3"},"modified":"2026-03-11T09:38:47","modified_gmt":"2026-03-11T16:38:47","slug":"privacy-policy","status":"publish","type":"page","link":"https:\/\/www.4emergence.com\/es\/privacy-policy\/","title":{"rendered":"Pol\u00edtica de privacidad"},"content":{"rendered":"<div data-elementor-type=\"wp-page\" data-elementor-id=\"3\" class=\"elementor elementor-3\" data-elementor-post-type=\"page\">\n\t\t\t\t<div data-particle_enable=\"false\" data-particle-mobile-disabled=\"false\" class=\"elementor-element elementor-element-c8c906d e-flex e-con-boxed e-con e-parent\" data-id=\"c8c906d\" data-element_type=\"container\" data-e-type=\"container\" data-settings=\"{&quot;background_background&quot;:&quot;classic&quot;}\">\n\t\t\t\t\t<div class=\"e-con-inner\">\n\t\t\t\t\t<\/div>\n\t\t\t\t<\/div>\n\t\t<div data-particle_enable=\"false\" data-particle-mobile-disabled=\"false\" class=\"elementor-element elementor-element-8d6eb07 e-flex e-con-boxed e-con e-parent\" data-id=\"8d6eb07\" data-element_type=\"container\" data-e-type=\"container\">\n\t\t\t\t\t<div class=\"e-con-inner\">\n\t\t<div data-particle_enable=\"false\" data-particle-mobile-disabled=\"false\" class=\"elementor-element elementor-element-43e3cac e-con-full e-flex e-con e-child\" data-id=\"43e3cac\" data-element_type=\"container\" data-e-type=\"container\" data-settings=\"{&quot;background_background&quot;:&quot;classic&quot;}\">\n\t\t\t\t<div class=\"elementor-element elementor-element-61ec6f5 elementor-widget elementor-widget-text-editor\" data-id=\"61ec6f5\" data-element_type=\"widget\" data-e-type=\"widget\" data-widget_type=\"text-editor.default\">\n\t\t\t\t\t\t\t\t\t<p>\u00daltima actualizaci\u00f3n: 11 de marzo de 2026<\/p><p>Emergence (\u201cnosotros\u201d, \u201cnos\u201d, o \u201cnuestro\u201d) opera el sitio web http:\/\/www.4emergence.com\n (el \u201cSitio\u201d).\nEn esta p\u00e1gina se explica nuestra pol\u00edtica sobre la recopilaci\u00f3n, el uso y la divulgaci\u00f3n de la informaci\u00f3n personal que recibimos de las personas que utilizan el Sitio.<\/p><p>Utilizamos su Informaci\u00f3n Personal \u00fanicamente para ofrecer y mejorar el Sitio. Al usar el Sitio, usted acepta la recopilaci\u00f3n y el uso de su informaci\u00f3n de acuerdo con esta pol\u00edtica.<\/p><p>Esta Pol\u00edtica de Privacidad explica c\u00f3mo recopilamos, usamos, divulgamos y protegemos su informaci\u00f3n cuando visita nuestro sitio web 4emergence.com, incluidos cualquier otro formato de medios, canal de comunicaci\u00f3n, sitio m\u00f3vil o aplicaci\u00f3n m\u00f3vil relacionada o conectada con \u00e9l (colectivamente, el \u201cSitio\u201d). Lea esta pol\u00edtica de privacidad con atenci\u00f3n. Si no est\u00e1 de acuerdo con los t\u00e9rminos de esta pol\u00edtica, por favor no acceda al Sitio.<\/p><p>Nos reservamos el derecho de realizar cambios a esta Pol\u00edtica de Privacidad en cualquier momento y por cualquier motivo. Le notificaremos sobre cualquier cambio actualizando la fecha de \u201c\u00daltima actualizaci\u00f3n\u201d de esta Pol\u00edtica de Privacidad. Cualquier cambio o modificaci\u00f3n entrar\u00e1 en vigencia inmediatamente despu\u00e9s de publicar la Pol\u00edtica de Privacidad actualizada en el Sitio, y usted renuncia al derecho de recibir un aviso espec\u00edfico sobre cada uno de estos cambios o modificaciones.<\/p><p>Se le recomienda revisar peri\u00f3dicamente esta Pol\u00edtica de Privacidad para mantenerse informado sobre las actualizaciones. Se considerar\u00e1 que usted ha sido informado de los cambios, que est\u00e1 sujeto a ellos y que los ha aceptado, si contin\u00faa utilizando el Sitio despu\u00e9s de la fecha en que se publique la Pol\u00edtica de Privacidad revisada.<\/p><h2>Qu\u00e9 datos personales recopilamos y por qu\u00e9 los recopilamos<\/h2><p>Podemos recopilar informaci\u00f3n sobre usted de diversas maneras. La informaci\u00f3n que podemos recopilar en el Sitio incluye: su nombre, direcci\u00f3n de correo electr\u00f3nico, n\u00famero de tel\u00e9fono y otros datos de contacto.\u00a0<\/p><h3>Datos personales<\/h3><p>Informaci\u00f3n de identificaci\u00f3n personal, como su nombre, direcci\u00f3n de env\u00edo, direcci\u00f3n de correo electr\u00f3nico y n\u00famero de tel\u00e9fono, as\u00ed como informaci\u00f3n demogr\u00e1fica, como su edad, g\u00e9nero, ciudad de residencia e intereses, que usted nos proporciona voluntariamente cuando decide participar en diversas actividades relacionadas con el Sitio. No est\u00e1 obligado(a) a brindarnos informaci\u00f3n personal de ning\u00fan tipo; sin embargo, si decide no hacerlo, es posible que no pueda utilizar ciertas funciones del Sitio.<\/p><h3>Datos derivados<\/h3><p>Informaci\u00f3n que nuestros servidores recopilan autom\u00e1ticamente cuando accede al Sitio, como su direcci\u00f3n IP, el tipo de navegador que utiliza, su sistema operativo, los horarios de acceso y las p\u00e1ginas que vio inmediatamente antes y despu\u00e9s de ingresar al Sitio.\u00a0<\/p><h2>Datos de dispositivos m\u00f3viles<\/h2><p>Informaci\u00f3n del dispositivo, como el ID de su dispositivo m\u00f3vil, modelo y fabricante, as\u00ed como informaci\u00f3n sobre la ubicaci\u00f3n de su dispositivo, si accede al Sitio desde un dispositivo m\u00f3vil.<\/p><h2>Datos de terceros<\/h2><p>Informaci\u00f3n proveniente de terceros, como datos personales o contactos de su red, si usted conecta su cuenta con un tercero y otorga permiso al Sitio para acceder a esa informaci\u00f3n.<\/p><p>Contar con informaci\u00f3n precisa sobre usted nos permite brindarle una experiencia fluida, eficiente y personalizada. En particular, podemos usar la informaci\u00f3n recopilada a trav\u00e9s del Sitio para:<\/p><ul><li>Asistir a las autoridades y responder a citaciones judiciales.<\/li><li>Compilar datos y an\u00e1lisis estad\u00edsticos an\u00f3nimos para uso interno o para compartir con terceros.<\/li><li>Enviar informaci\u00f3n espec\u00edfica relacionada con sus consultas y con el Sitio.<\/li><li>Enviarle correos electr\u00f3nicos relacionados con la informaci\u00f3n que usted haya proporcionado voluntariamente.<\/li><li>Supervisar y analizar el uso y las tendencias para mejorar su experiencia con el Sitio.<\/li><li>Realizar otras actividades comerciales seg\u00fan sea necesario.<\/li><li>Responder a solicitudes.<\/li><li>Solicitar apoyo para el Sitio.<\/li><\/ul><h3>Medios<\/h3><p>No cargue medios en nuestro sitio web por ning\u00fan motivo. Si carga im\u00e1genes en el sitio, evite incluir datos de ubicaci\u00f3n incrustados (EXIF GPS) en ellas.<\/p><h3>Cookies y balizas web<\/h3><h3 data-section-id=\"1sf0b91\" data-start=\"546\" data-end=\"583\">Cookies and Tracking Technologies<\/h3><p data-start=\"585\" data-end=\"784\">Utilizamos cookies, balizas web, p\u00edxeles de seguimiento y tecnolog\u00edas similares en nuestro sitio web para ayudar a que el sitio funcione correctamente, entender c\u00f3mo las personas usan el sitio y apoyar nuestras actividades de difusi\u00f3n y publicidad.<\/p><p data-start=\"786\" data-end=\"1084\">Estas tecnolog\u00edas pueden recopilar informaci\u00f3n sobre c\u00f3mo los visitantes interact\u00faan con nuestro sitio web, como las p\u00e1ginas que visitan, los enlaces en los que hacen clic, informaci\u00f3n general de ubicaci\u00f3n y el tipo de dispositivo o navegador utilizado. Esta informaci\u00f3n nos ayuda a mejorar el funcionamiento del sitio web y a entender mejor c\u00f3mo las personas encuentran y utilizan nuestros servicios.<\/p><p data-start=\"1086\" data-end=\"1404\">Tambi\u00e9n podemos utilizar herramientas de publicidad de terceros, como servicios proporcionados por empresas como Google o plataformas de redes sociales, para mostrar anuncios a personas que han visitado previamente nuestro sitio web. Estos servicios pueden utilizar cookies u otras tecnolog\u00edas similares para ayudar a mostrar anuncios que puedan ser relevantes para usted.<\/p><p data-start=\"1406\" data-end=\"1653\">La mayor\u00eda de los navegadores web aceptan cookies autom\u00e1ticamente. Usted puede ajustar la configuraci\u00f3n de su navegador para rechazar cookies o para recibir una notificaci\u00f3n cuando se coloque una cookie. Tenga en cuenta que desactivar las cookies puede afectar el funcionamiento de algunas funciones del sitio web.<\/p><p data-start=\"1655\" data-end=\"1827\">Tambi\u00e9n puede optar por excluirse de ciertos tipos de publicidad basada en intereses a trav\u00e9s de herramientas de la industria, como la Network Advertising Initiative o la Digital Advertising Alliance.<\/p><h3>Publicidad basada en Internet<\/h3><p>Adem\u00e1s, podemos utilizar software de terceros para mostrar anuncios en el Sitio, implementar campa\u00f1as de correo electr\u00f3nico y gestionar otras iniciativas de marketing interactivo. Este software de terceros puede usar cookies u otras tecnolog\u00edas de seguimiento para ayudar a administrar y optimizar su experiencia en l\u00ednea con nosotros. Para obtener m\u00e1s informaci\u00f3n sobre c\u00f3mo excluirse de la publicidad basada en intereses, visite la herramienta de exclusi\u00f3n de la Network Advertising Initiative o la herramienta de exclusi\u00f3n de la Digital Advertising Alliance.<\/p><h3>Anal\u00edtica del sitio web<\/h3><p>Tambi\u00e9n podemos asociarnos con determinados proveedores externos para permitir tecnolog\u00edas de seguimiento y servicios de remarketing en el Sitio mediante el uso de cookies propias y de terceros. Esto nos ayuda, entre otras cosas, a analizar y rastrear c\u00f3mo las personas utilizan el Sitio, identificar el contenido m\u00e1s visitado y comprender mejor la actividad en l\u00ednea. Al acceder al Sitio, usted acepta la recopilaci\u00f3n y el uso de su informaci\u00f3n por parte de estos proveedores externos.\n\nSe le recomienda revisar sus pol\u00edticas de privacidad y comunicarse directamente con ellos si tiene preguntas. No transferimos informaci\u00f3n personal a estos proveedores externos. Sin embargo, si no desea que se recopile o utilice su informaci\u00f3n mediante tecnolog\u00edas de seguimiento, puede visitar el sitio del proveedor externo correspondiente o utilizar la herramienta de exclusi\u00f3n de la Network Advertising Initiative o la herramienta de exclusi\u00f3n de la Digital Advertising Alliance.<\/p><p>Debe tener en cuenta que obtener una computadora nueva, instalar un navegador nuevo, actualizar un navegador existente o borrar o modificar los archivos de cookies de su navegador puede eliminar ciertas cookies de exclusi\u00f3n, complementos o configuraciones previamente establecidas.<\/p><h3>Contenido incrustado de otros sitios web<\/h3><p>Los art\u00edculos de este Sitio pueden incluir contenido incrustado (por ejemplo, videos, im\u00e1genes, art\u00edculos, etc.). El contenido incrustado de otros sitios web se comporta exactamente de la misma manera que si la persona visitante hubiera accedido directamente a ese otro sitio.<\/p><p>Estos sitios web pueden recopilar datos sobre usted, usar cookies, incorporar mecanismos adicionales de seguimiento de terceros y supervisar su interacci\u00f3n con ese contenido incrustado, incluido el seguimiento de su actividad si usted tiene una cuenta y ha iniciado sesi\u00f3n en ese sitio.<\/p><h2>Seguridad de su informaci\u00f3n<\/h2><p>Utilizamos medidas de seguridad administrativas, t\u00e9cnicas y f\u00edsicas para ayudar a proteger su informaci\u00f3n personal. Aunque hemos tomado medidas razonables para resguardar la informaci\u00f3n que usted nos proporciona, tenga en cuenta que, a pesar de nuestros esfuerzos, ninguna medida de seguridad es completamente perfecta o impenetrable, y ning\u00fan m\u00e9todo de transmisi\u00f3n de datos puede garantizarse contra intercepciones u otros tipos de uso indebido.\n\nCualquier informaci\u00f3n divulgada en l\u00ednea puede ser vulnerable a la interceptaci\u00f3n y al uso no autorizado. Por lo tanto, no podemos garantizar una seguridad absoluta si usted decide proporcionar informaci\u00f3n personal.<\/p><h2>Pol\u00edtica para menores<\/h2><p>No solicitamos deliberadamente informaci\u00f3n de ni\u00f1os menores de 13 a\u00f1os ni orientamos nuestros servicios de marketing a menores de esa edad. Si usted llega a tener conocimiento de que hemos recopilado datos de un ni\u00f1o menor de 13 a\u00f1os, comun\u00edquese con nosotros utilizando la informaci\u00f3n de contacto que aparece a continuaci\u00f3n.<\/p><h2>Controles para funciones de No rastrear (Do-Not-Track)<\/h2><p>La mayor\u00eda de los navegadores web y algunos sistemas operativos m\u00f3viles incluyen una funci\u00f3n o configuraci\u00f3n de \u201cNo rastrear\u201d (\u201cDNT\u201d) que usted puede activar para indicar su preferencia de privacidad y evitar que se recopilen o supervisen datos sobre sus actividades de navegaci\u00f3n en l\u00ednea. No existe a\u00fan un est\u00e1ndar tecnol\u00f3gico uniforme para reconocer e implementar se\u00f1ales DNT. Por lo tanto, actualmente no respondemos a se\u00f1ales DNT del navegador ni a ning\u00fan otro mecanismo que comunique autom\u00e1ticamente su elecci\u00f3n de no ser rastreado en l\u00ednea.\n\nSi en el futuro se adopta un est\u00e1ndar de seguimiento en l\u00ednea que debamos cumplir, le informaremos sobre esa pr\u00e1ctica en una versi\u00f3n revisada de esta Pol\u00edtica de Privacidad.<\/p><h2>Correos electr\u00f3nicos y comunicaciones<\/h2><p>Si ya no desea recibir correspondencia, correos electr\u00f3nicos u otras comunicaciones de nuestra parte, puede optar por no recibirlas mediante:<\/p><ul><li>Indicar sus preferencias en el momento en que registre su cuenta en el Sitio<\/li><li>Acceder a la configuraci\u00f3n de su cuenta y actualizar sus preferencias.<\/li><li>Comunicarse con nosotros utilizando la informaci\u00f3n de contacto que aparece a continuaci\u00f3n<\/li><\/ul><p>Si ya no desea recibir correspondencia, correos electr\u00f3nicos u otras comunicaciones de terceros, usted es responsable de comunicarse directamente con dicho tercero.<\/p><h2>Derechos de privacidad en California<\/h2><p>La Secci\u00f3n 1798.83 del C\u00f3digo Civil de California, conocida como la ley \u201cShine The Light\u201d, permite que nuestros usuarios que residen en California soliciten y obtengan de nosotros, una vez al a\u00f1o y sin costo alguno, informaci\u00f3n sobre las categor\u00edas de datos personales (si las hubiera) que hayamos divulgado a terceros para fines de marketing directo, as\u00ed como los nombres y direcciones de todos los terceros con los que compartimos informaci\u00f3n personal durante el a\u00f1o calendario anterior.\n\nSi usted reside en California y desea realizar esta solicitud, env\u00ede su petici\u00f3n por escrito utilizando la informaci\u00f3n de contacto que aparece a continuaci\u00f3n.<\/p><p>Si usted es menor de 18 a\u00f1os, reside en California y tiene una cuenta registrada en el Sitio, tiene derecho a solicitar la eliminaci\u00f3n de datos no deseados que haya publicado de forma p\u00fablica en el Sitio. Para solicitar la eliminaci\u00f3n de dichos datos, comun\u00edquese con nosotros utilizando la informaci\u00f3n de contacto que aparece a continuaci\u00f3n e incluya la direcci\u00f3n de correo electr\u00f3nico asociada con su cuenta y una declaraci\u00f3n indicando que reside en California.\n\nNos aseguraremos de que los datos ya no se muestren p\u00fablicamente en el Sitio; sin embargo, tenga en cuenta que es posible que los datos no se eliminen por completo o de manera integral de nuestros sistemas.<\/p>\t\t\t\t\t\t\t\t<\/div>\n\t\t\t\t<\/div>\n\t\t\t\t\t<\/div>\n\t\t\t\t<\/div>\n\t\t\t\t<\/div>","protected":false},"excerpt":{"rendered":"<p>Last updated: March 11, 2026 Emergence (&#8220;us&#8221;, &#8220;we&#8221;, or &#8220;our&#8221;) operates http:\/\/www.4emergence.com (the &#8220;Site&#8221;). This page informs you of our policies regarding the collection, use and disclosure of Personal Information we receive from users of the Site. We use your Personal Information only for providing and improving the Site. By using the Site, you agree [&hellip;]<\/p>\n","protected":false},"author":1,"featured_media":0,"parent":0,"menu_order":0,"comment_status":"closed","ping_status":"open","template":"","meta":{"footnotes":""},"class_list":["post-3","page","type-page","status-publish","hentry"],"yoast_head":"<!-- This site is optimized with the Yoast SEO plugin v27.5 - https:\/\/yoast.com\/product\/yoast-seo-wordpress\/ -->\n<title>Privacy Policy - Emergence<\/title>\n<meta name=\"robots\" content=\"index, follow, max-snippet:-1, max-image-preview:large, max-video-preview:-1\" \/>\n<link rel=\"canonical\" href=\"https:\/\/www.4emergence.com\/es\/privacy-policy\/\" \/>\n<meta property=\"og:locale\" content=\"es_MX\" \/>\n<meta property=\"og:type\" content=\"article\" \/>\n<meta property=\"og:title\" content=\"Privacy Policy - Emergence\" \/>\n<meta property=\"og:description\" content=\"Last updated: March 11, 2026 Emergence (&#8220;us&#8221;, &#8220;we&#8221;, or &#8220;our&#8221;) operates http:\/\/www.4emergence.com (the &#8220;Site&#8221;). This page informs you of our policies regarding the collection, use and disclosure of Personal Information we receive from users of the Site. We use your Personal Information only for providing and improving the Site. By using the Site, you agree [&hellip;]\" \/>\n<meta property=\"og:url\" content=\"https:\/\/www.4emergence.com\/es\/privacy-policy\/\" \/>\n<meta property=\"og:site_name\" content=\"Emergence\" \/>\n<meta property=\"article:modified_time\" content=\"2026-03-11T16:38:47+00:00\" \/>\n<meta name=\"twitter:card\" content=\"summary_large_image\" \/>\n<meta name=\"twitter:label1\" content=\"Est. reading time\" \/>\n\t<meta name=\"twitter:data1\" content=\"8 minutos\" \/>\n<script type=\"application\/ld+json\" class=\"yoast-schema-graph\">{\"@context\":\"https:\\\/\\\/schema.org\",\"@graph\":[{\"@type\":\"WebPage\",\"@id\":\"https:\\\/\\\/www.4emergence.com\\\/privacy-policy\\\/\",\"url\":\"https:\\\/\\\/www.4emergence.com\\\/privacy-policy\\\/\",\"name\":\"Privacy Policy - Emergence\",\"isPartOf\":{\"@id\":\"https:\\\/\\\/www.4emergence.com\\\/#website\"},\"datePublished\":\"2019-04-14T19:25:53+00:00\",\"dateModified\":\"2026-03-11T16:38:47+00:00\",\"breadcrumb\":{\"@id\":\"https:\\\/\\\/www.4emergence.com\\\/privacy-policy\\\/#breadcrumb\"},\"inLanguage\":\"es\",\"potentialAction\":[{\"@type\":\"ReadAction\",\"target\":[\"https:\\\/\\\/www.4emergence.com\\\/privacy-policy\\\/\"]}]},{\"@type\":\"BreadcrumbList\",\"@id\":\"https:\\\/\\\/www.4emergence.com\\\/privacy-policy\\\/#breadcrumb\",\"itemListElement\":[{\"@type\":\"ListItem\",\"position\":1,\"name\":\"Home\",\"item\":\"https:\\\/\\\/www.4emergence.com\\\/\"},{\"@type\":\"ListItem\",\"position\":2,\"name\":\"Privacy Policy\"}]},{\"@type\":\"WebSite\",\"@id\":\"https:\\\/\\\/www.4emergence.com\\\/#website\",\"url\":\"https:\\\/\\\/www.4emergence.com\\\/\",\"name\":\"Emergence\",\"description\":\"\",\"publisher\":{\"@id\":\"https:\\\/\\\/www.4emergence.com\\\/#organization\"},\"potentialAction\":[{\"@type\":\"SearchAction\",\"target\":{\"@type\":\"EntryPoint\",\"urlTemplate\":\"https:\\\/\\\/www.4emergence.com\\\/?s={search_term_string}\"},\"query-input\":{\"@type\":\"PropertyValueSpecification\",\"valueRequired\":true,\"valueName\":\"search_term_string\"}}],\"inLanguage\":\"es\"},{\"@type\":\"Organization\",\"@id\":\"https:\\\/\\\/www.4emergence.com\\\/#organization\",\"name\":\"Emergence\",\"url\":\"https:\\\/\\\/www.4emergence.com\\\/\",\"logo\":{\"@type\":\"ImageObject\",\"inLanguage\":\"es\",\"@id\":\"https:\\\/\\\/www.4emergence.com\\\/#\\\/schema\\\/logo\\\/image\\\/\",\"url\":\"https:\\\/\\\/www.4emergence.com\\\/wp-content\\\/uploads\\\/2022\\\/05\\\/logo-emergence.svg\",\"contentUrl\":\"https:\\\/\\\/www.4emergence.com\\\/wp-content\\\/uploads\\\/2022\\\/05\\\/logo-emergence.svg\",\"width\":165,\"height\":70,\"caption\":\"Emergence\"},\"image\":{\"@id\":\"https:\\\/\\\/www.4emergence.com\\\/#\\\/schema\\\/logo\\\/image\\\/\"}}]}<\/script>\n<!-- \/ Yoast SEO plugin. -->","yoast_head_json":{"title":"Privacy Policy - Emergence","robots":{"index":"index","follow":"follow","max-snippet":"max-snippet:-1","max-image-preview":"max-image-preview:large","max-video-preview":"max-video-preview:-1"},"canonical":"https:\/\/www.4emergence.com\/es\/privacy-policy\/","og_locale":"es_MX","og_type":"article","og_title":"Privacy Policy - Emergence","og_description":"Last updated: March 11, 2026 Emergence (&#8220;us&#8221;, &#8220;we&#8221;, or &#8220;our&#8221;) operates http:\/\/www.4emergence.com (the &#8220;Site&#8221;). This page informs you of our policies regarding the collection, use and disclosure of Personal Information we receive from users of the Site. We use your Personal Information only for providing and improving the Site. By using the Site, you agree [&hellip;]","og_url":"https:\/\/www.4emergence.com\/es\/privacy-policy\/","og_site_name":"Emergence","article_modified_time":"2026-03-11T16:38:47+00:00","twitter_card":"summary_large_image","twitter_misc":{"Est. reading time":"8 minutos"},"schema":{"@context":"https:\/\/schema.org","@graph":[{"@type":"WebPage","@id":"https:\/\/www.4emergence.com\/privacy-policy\/","url":"https:\/\/www.4emergence.com\/privacy-policy\/","name":"Privacy Policy - Emergence","isPartOf":{"@id":"https:\/\/www.4emergence.com\/#website"},"datePublished":"2019-04-14T19:25:53+00:00","dateModified":"2026-03-11T16:38:47+00:00","breadcrumb":{"@id":"https:\/\/www.4emergence.com\/privacy-policy\/#breadcrumb"},"inLanguage":"es","potentialAction":[{"@type":"ReadAction","target":["https:\/\/www.4emergence.com\/privacy-policy\/"]}]},{"@type":"BreadcrumbList","@id":"https:\/\/www.4emergence.com\/privacy-policy\/#breadcrumb","itemListElement":[{"@type":"ListItem","position":1,"name":"Home","item":"https:\/\/www.4emergence.com\/"},{"@type":"ListItem","position":2,"name":"Privacy Policy"}]},{"@type":"WebSite","@id":"https:\/\/www.4emergence.com\/#website","url":"https:\/\/www.4emergence.com\/","name":"Emergence","description":"","publisher":{"@id":"https:\/\/www.4emergence.com\/#organization"},"potentialAction":[{"@type":"SearchAction","target":{"@type":"EntryPoint","urlTemplate":"https:\/\/www.4emergence.com\/?s={search_term_string}"},"query-input":{"@type":"PropertyValueSpecification","valueRequired":true,"valueName":"search_term_string"}}],"inLanguage":"es"},{"@type":"Organization","@id":"https:\/\/www.4emergence.com\/#organization","name":"Emergence","url":"https:\/\/www.4emergence.com\/","logo":{"@type":"ImageObject","inLanguage":"es","@id":"https:\/\/www.4emergence.com\/#\/schema\/logo\/image\/","url":"https:\/\/www.4emergence.com\/wp-content\/uploads\/2022\/05\/logo-emergence.svg","contentUrl":"https:\/\/www.4emergence.com\/wp-content\/uploads\/2022\/05\/logo-emergence.svg","width":165,"height":70,"caption":"Emergence"},"image":{"@id":"https:\/\/www.4emergence.com\/#\/schema\/logo\/image\/"}}]}},"_links":{"self":[{"href":"https:\/\/www.4emergence.com\/es\/wp-json\/wp\/v2\/pages\/3","targetHints":{"allow":["GET"]}}],"collection":[{"href":"https:\/\/www.4emergence.com\/es\/wp-json\/wp\/v2\/pages"}],"about":[{"href":"https:\/\/www.4emergence.com\/es\/wp-json\/wp\/v2\/types\/page"}],"author":[{"embeddable":true,"href":"https:\/\/www.4emergence.com\/es\/wp-json\/wp\/v2\/users\/1"}],"replies":[{"embeddable":true,"href":"https:\/\/www.4emergence.com\/es\/wp-json\/wp\/v2\/comments?post=3"}],"version-history":[{"count":0,"href":"https:\/\/www.4emergence.com\/es\/wp-json\/wp\/v2\/pages\/3\/revisions"}],"wp:attachment":[{"href":"https:\/\/www.4emergence.com\/es\/wp-json\/wp\/v2\/media?parent=3"}],"curies":[{"name":"wp","href":"https:\/\/api.w.org\/{rel}","templated":true}]}}